{"id":573,"date":"2021-08-25T18:53:44","date_gmt":"2021-08-25T16:53:44","guid":{"rendered":"https:\/\/hotel-arena-frankfurt.com\/imprint\/"},"modified":"2023-07-20T11:34:33","modified_gmt":"2023-07-20T09:34:33","slug":"imprint","status":"publish","type":"page","link":"https:\/\/hotel-arena-frankfurt.com\/en\/imprint\/","title":{"rendered":"Imprint"},"content":{"rendered":"<section  class='av_textblock_section av-ku2f3c8g-187454b05f859c804059828dc4b787b6'  itemscope=\"itemscope\" itemtype=\"https:\/\/schema.org\/CreativeWork\" ><div class='avia_textblock'  itemprop=\"text\" ><div class=\"uk-margin-large-bottom uk-text-none\">\n<p class=\"uk-text-large uk-margin-large-top\">Verantwortlich f\u00fcr den Inhalt dieser Webseite ist:<\/p>\n<p class=\"uk-text-large uk-margin-large-top\">Arena Stadthotels GmbH<br \/>\nGesch\u00e4ftsf\u00fchrer: Alexander Estrach, Gennadi Tultschinetski<\/p>\n<p class=\"uk-text-large uk-margin-large-top\">Umsatzsteuer-Identifikationsnummer: DE267414793<\/p>\n<p class=\"uk-text-large uk-margin-large-top\">Aufsichtsbeh\u00f6rde: Gewerbeaufsichtsamt Frankfurt am Main<\/p>\n<p class=\"uk-text-large uk-margin-small-top\">Amtsgericht Frankfurt \/ HRB 86594<\/p>\n<p class=\"uk-text-large uk-margin-small-top\">Friedberger Landstrasse 285, 60389 Frankfurt am Main<br \/>\nTel.: +49 (0) 69 46090252-0<\/p>\n<p class=\"uk-text-large uk-margin-large-top\"><a href=\"http:\/\/hotel-arena-frankfurt.com\/wp-content\/uploads\/AGB_Global.pdf\" target=\"_blank\" rel=\"noopener\">AGB Arena Stadthotels GmbH, Frankfurt\/M.<\/a><\/p>\n<\/div>\n<hr class=\"uk-article-divider uk-margin-large\" \/>\n<div class=\"uk-margin-large-bottom uk-text-none\">\n<h3 class=\"uk-h3 uk-margin-bottom-remove\">Haftung f\u00fcr Inhalte<\/h3>\n<p class=\"uk-text uk-margin-small-top\">Die Inhalte unserer Seiten wurden mit gr\u00f6\u00dfter Sorgfalt erstellt. F\u00fcr die Richtigkeit, Vollst\u00e4ndigkeit und Aktualit\u00e4t der Inhalte k\u00f6nnen wir jedoch keine Gew\u00e4hr \u00fcbernehmen. Als Diensteanbieter sind wir gem\u00e4\u00df \u00a7 7 Abs.1 TMG f\u00fcr eigene Inhalte auf diesen Seiten nach den allgemeinen Gesetzen verantwortlich. Nach \u00a7\u00a7 8 bis 10 TMG sind wir als Diensteanbieter jedoch nicht verpflichtet, \u00fcbermittelte oder gespeicherte fremde Informationen zu \u00fcberwachen oder nach Umst\u00e4nden zu forschen, die auf eine rechtswidrige T\u00e4tigkeit hinweisen. Verpflichtungen zur Entfernung oder Sperrung der Nutzung von Informationen nach den allgemeinen Gesetzen bleiben hiervon unber\u00fchrt. Eine diesbez\u00fcgliche Haftung ist jedoch erst ab dem Zeitpunkt der Kenntnis einer konkreten Rechtsverletzung m\u00f6glich. Bei Bekanntwerden von entsprechenden Rechtsverletzungen werden wir diese Inhalte umgehend entfernen.<\/p>\n<h3 class=\"uk-h3 uk-margin-bottom-remove\">Haftung f\u00fcr Links<\/h3>\n<p class=\"uk-text uk-margin-small-top\">Unser Angebot enth\u00e4lt Links zu externen Webseiten Dritter, auf deren Inhalte wir keinen Einfluss haben. Deshalb k\u00f6nnen wir f\u00fcr diese fremden Inhalte auch keine Gew\u00e4hr \u00fcbernehmen. F\u00fcr die Inhalte der verlinkten Seiten ist stets der jeweilige Anbieter oder Betreiber der Seiten verantwortlich. Die verlinkten Seiten wurden zum Zeitpunkt der Verlinkung auf m\u00f6gliche Rechtsverst\u00f6\u00dfe \u00fcberpr\u00fcft. Rechtswidrige Inhalte waren zum Zeitpunkt der Verlinkung nicht erkennbar. Eine permanente inhaltliche Kontrolle der verlinkten Seiten ist jedoch ohne konkrete Anhaltspunkte einer Rechtsverletzung nicht zumutbar. Bei Bekanntwerden von Rechtsverletzungen werden wir derartige Links umgehend entfernen.<\/p>\n<h3 class=\"uk-h3 uk-margin-bottom-remove\">Urheberrecht<\/h3>\n<p class=\"uk-text uk-margin-small-top\">Die durch die Seitenbetreiber erstellten Inhalte und Werke auf diesen Seiten unterliegen dem deutschen Urheberrecht. Die Vervielf\u00e4ltigung, Bearbeitung, Verbreitung und jede Art der Verwertung au\u00dferhalb der Grenzen des Urheberrechtes bed\u00fcrfen der schriftlichen Zustimmung des jeweiligen Autors bzw. Erstellers. Downloads und Kopien dieser Seite sind nur f\u00fcr den privaten, nicht kommerziellen Gebrauch gestattet. Soweit die Inhalte auf dieser Seite nicht vom Betreiber erstellt wurden, werden die Urheberrechte Dritter beachtet. Insbesondere werden Inhalte Dritter als solche gekennzeichnet. Sollten Sie trotzdem auf eine Urheberrechtsverletzung aufmerksam werden, bitten wir um einen entsprechenden Hinweis. Bei Bekanntwerden von Rechtsverletzungen werden wir derartige Inhalte umgehend entfernen.<\/p>\n<p>\u25b7 Warteschleifenmusik von Ronald Kah, Web: <a href=\"https:\/\/ronaldkah.de\/\">https:\/\/ronaldkah.de\/<\/a><\/p>\n<\/div>\n<\/div><\/section>\n","protected":false},"excerpt":{"rendered":"","protected":false},"author":1,"featured_media":0,"parent":0,"menu_order":0,"comment_status":"closed","ping_status":"closed","template":"","meta":{"footnotes":""},"class_list":["post-573","page","type-page","status-publish","hentry"],"_links":{"self":[{"href":"https:\/\/hotel-arena-frankfurt.com\/en\/wp-json\/wp\/v2\/pages\/573","targetHints":{"allow":["GET"]}}],"collection":[{"href":"https:\/\/hotel-arena-frankfurt.com\/en\/wp-json\/wp\/v2\/pages"}],"about":[{"href":"https:\/\/hotel-arena-frankfurt.com\/en\/wp-json\/wp\/v2\/types\/page"}],"author":[{"embeddable":true,"href":"https:\/\/hotel-arena-frankfurt.com\/en\/wp-json\/wp\/v2\/users\/1"}],"replies":[{"embeddable":true,"href":"https:\/\/hotel-arena-frankfurt.com\/en\/wp-json\/wp\/v2\/comments?post=573"}],"version-history":[{"count":6,"href":"https:\/\/hotel-arena-frankfurt.com\/en\/wp-json\/wp\/v2\/pages\/573\/revisions"}],"predecessor-version":[{"id":635,"href":"https:\/\/hotel-arena-frankfurt.com\/en\/wp-json\/wp\/v2\/pages\/573\/revisions\/635"}],"wp:attachment":[{"href":"https:\/\/hotel-arena-frankfurt.com\/en\/wp-json\/wp\/v2\/media?parent=573"}],"curies":[{"name":"wp","href":"https:\/\/api.w.org\/{rel}","templated":true}]}}